{"id":32859,"date":"2021-11-23T11:21:21","date_gmt":"2021-11-23T11:21:21","guid":{"rendered":"https:\/\/aradoc.es\/installacions\/"},"modified":"2024-06-12T10:41:49","modified_gmt":"2024-06-12T08:41:49","slug":"installacions","status":"publish","type":"page","link":"https:\/\/aradoc.es\/ca\/installacions\/","title":{"rendered":"Instal\u00b7lacions"},"content":{"rendered":"\t\t<div data-elementor-type=\"wp-page\" data-elementor-id=\"32859\" class=\"elementor elementor-32859 elementor-29964\" data-elementor-post-type=\"page\">\n\t\t\t\t\t\t<section class=\"elementor-section elementor-top-section elementor-element elementor-element-5ca1049 ara-capcelera elementor-section-boxed elementor-section-height-default elementor-section-height-default\" data-id=\"5ca1049\" data-element_type=\"section\" data-settings=\"{&quot;background_background&quot;:&quot;classic&quot;}\">\n\t\t\t\t\t\t\t<div class=\"elementor-background-overlay\"><\/div>\n\t\t\t\t\t\t\t<div class=\"elementor-container elementor-column-gap-default\">\n\t\t\t\t\t<div class=\"elementor-column elementor-col-100 elementor-top-column elementor-element elementor-element-e986527\" data-id=\"e986527\" data-element_type=\"column\">\n\t\t\t<div class=\"elementor-widget-wrap elementor-element-populated\">\n\t\t\t\t\t\t<div class=\"elementor-element elementor-element-ab85723 elementor-widget elementor-widget-heading\" data-id=\"ab85723\" data-element_type=\"widget\" id=\"ecommerce\" data-widget_type=\"heading.default\">\n\t\t\t\t<div class=\"elementor-widget-container\">\n\t\t\t\t\t<h1 class=\"elementor-heading-title elementor-size-default\">Instal\u00b7lacions<\/h1>\t\t\t\t<\/div>\n\t\t\t\t<\/div>\n\t\t\t\t<div class=\"elementor-element elementor-element-e09c194 elementor-widget elementor-widget-heading\" data-id=\"e09c194\" data-element_type=\"widget\" data-widget_type=\"heading.default\">\n\t\t\t\t<div class=\"elementor-widget-container\">\n\t\t\t\t\t<h6 class=\"elementor-heading-title elementor-size-default\">Disposem dels mitjans tecnol\u00f2gics i instal\u00b7lacions m\u00e9s modernes del sector<\/h6>\t\t\t\t<\/div>\n\t\t\t\t<\/div>\n\t\t\t\t\t<\/div>\n\t\t<\/div>\n\t\t\t\t\t<\/div>\n\t\t<\/section>\n\t\t\t\t<section class=\"elementor-section elementor-top-section elementor-element elementor-element-6a8f506 elementor-section-content-middle elementor-section-boxed elementor-section-height-default elementor-section-height-default\" data-id=\"6a8f506\" data-element_type=\"section\" data-settings=\"{&quot;animation&quot;:&quot;none&quot;}\">\n\t\t\t\t\t\t<div class=\"elementor-container elementor-column-gap-default\">\n\t\t\t\t\t<div class=\"elementor-column elementor-col-50 elementor-top-column elementor-element elementor-element-6b6b836 elementor-hidden-phone elementor-hidden-tablet\" data-id=\"6b6b836\" data-element_type=\"column\">\n\t\t\t<div class=\"elementor-widget-wrap elementor-element-populated\">\n\t\t\t\t\t\t<div class=\"elementor-element elementor-element-7c4478f elementor-invisible elementor-widget elementor-widget-image\" data-id=\"7c4478f\" data-element_type=\"widget\" data-settings=\"{&quot;_animation&quot;:&quot;fadeInLeft&quot;}\" data-widget_type=\"image.default\">\n\t\t\t\t<div class=\"elementor-widget-container\">\n\t\t\t\t\t\t\t\t\t\t\t\t\t\t\t<img fetchpriority=\"high\" decoding=\"async\" width=\"595\" height=\"650\" src=\"https:\/\/aradoc.es\/wp-content\/uploads\/2021\/10\/Aradoc-foto-94.jpg\" class=\"attachment-full size-full wp-image-31877\" alt=\"\" srcset=\"https:\/\/aradoc.es\/wp-content\/uploads\/2021\/10\/Aradoc-foto-94.jpg 595w, https:\/\/aradoc.es\/wp-content\/uploads\/2021\/10\/Aradoc-foto-94-275x300.jpg 275w\" sizes=\"(max-width: 595px) 100vw, 595px\" \/>\t\t\t\t\t\t\t\t\t\t\t\t\t\t\t<\/div>\n\t\t\t\t<\/div>\n\t\t\t\t\t<\/div>\n\t\t<\/div>\n\t\t\t\t<div class=\"elementor-column elementor-col-50 elementor-top-column elementor-element elementor-element-3e76cc5\" data-id=\"3e76cc5\" data-element_type=\"column\">\n\t\t\t<div class=\"elementor-widget-wrap elementor-element-populated\">\n\t\t\t\t\t\t<div class=\"elementor-element elementor-element-15c8b4a elementor-widget elementor-widget-heading\" data-id=\"15c8b4a\" data-element_type=\"widget\" data-widget_type=\"heading.default\">\n\t\t\t\t<div class=\"elementor-widget-container\">\n\t\t\t\t\t<h2 class=\"elementor-heading-title elementor-size-default\">Caracter\u00edstiques<\/h2>\t\t\t\t<\/div>\n\t\t\t\t<\/div>\n\t\t\t\t<div class=\"elementor-element elementor-element-0c7f5bf elementor-widget elementor-widget-spacer\" data-id=\"0c7f5bf\" data-element_type=\"widget\" data-widget_type=\"spacer.default\">\n\t\t\t\t<div class=\"elementor-widget-container\">\n\t\t\t\t\t\t\t<div class=\"elementor-spacer\">\n\t\t\t<div class=\"elementor-spacer-inner\"><\/div>\n\t\t<\/div>\n\t\t\t\t\t\t<\/div>\n\t\t\t\t<\/div>\n\t\t\t\t<div class=\"elementor-element elementor-element-82d68c5 arali elementor-widget elementor-widget-text-editor\" data-id=\"82d68c5\" data-element_type=\"widget\" data-widget_type=\"text-editor.default\">\n\t\t\t\t<div class=\"elementor-widget-container\">\n\t\t\t\t\t\t\t\t\t<ul>\n<li>Instal\u00b7laci\u00f3 a\u00efllada tipus C amb per\u00edmetre de seguretat.<\/li>\n<li>\u00c0mplia zona de p\u00e0rquing per als nostres clients.<\/li>\n<li>Molles de c\u00e0rrega.<\/li>\n<li>Videovigil\u00e0ncia perimetral 24h.<\/li>\n<li>Estructures de darrera generaci\u00f3.<\/li>\n<li>Sistemes de prevenci\u00f3 i conservaci\u00f3 de la documentaci\u00f3.<\/li>\n<li>\u00c0mplies zones de platges i recepci\u00f3.<\/li>\n<li>Sala de consultes.<\/li>\n<li>Office pels nostres clients.<\/li>\n<li>Oficines.<\/li>\n<li>Elevadors interns de gran capacitat.<\/li>\n<li>Sala de tractament.<\/li>\n<\/ul>\n\t\t\t\t\t\t\t\t<\/div>\n\t\t\t\t<\/div>\n\t\t\t\t\t<\/div>\n\t\t<\/div>\n\t\t\t\t\t<\/div>\n\t\t<\/section>\n\t\t\t\t<section class=\"elementor-section elementor-top-section elementor-element elementor-element-d0f614a elementor-section-full_width elementor-section-content-middle elementor-section-height-default elementor-section-height-default\" data-id=\"d0f614a\" data-element_type=\"section\" data-settings=\"{&quot;animation&quot;:&quot;none&quot;}\">\n\t\t\t\t\t\t<div class=\"elementor-container elementor-column-gap-default\">\n\t\t\t\t\t<div class=\"elementor-column elementor-col-100 elementor-top-column elementor-element elementor-element-c006202\" data-id=\"c006202\" data-element_type=\"column\">\n\t\t\t<div class=\"elementor-widget-wrap elementor-element-populated\">\n\t\t\t\t\t\t<div class=\"elementor-element elementor-element-32d775f elementor-arrows-position-inside elementor-widget elementor-widget-image-carousel\" data-id=\"32d775f\" data-element_type=\"widget\" data-settings=\"{&quot;slides_to_show&quot;:&quot;3&quot;,&quot;slides_to_scroll&quot;:&quot;3&quot;,&quot;navigation&quot;:&quot;arrows&quot;,&quot;autoplay&quot;:&quot;yes&quot;,&quot;pause_on_hover&quot;:&quot;yes&quot;,&quot;pause_on_interaction&quot;:&quot;yes&quot;,&quot;autoplay_speed&quot;:5000,&quot;infinite&quot;:&quot;yes&quot;,&quot;speed&quot;:500}\" data-widget_type=\"image-carousel.default\">\n\t\t\t\t<div class=\"elementor-widget-container\">\n\t\t\t\t\t\t\t<div class=\"elementor-image-carousel-wrapper swiper\" role=\"region\" aria-roledescription=\"carousel\" aria-label=\"Carrusel d&#039;imatges\" dir=\"ltr\">\n\t\t\t<div class=\"elementor-image-carousel swiper-wrapper\" aria-live=\"off\">\n\t\t\t\t\t\t\t\t<div class=\"swiper-slide\" role=\"group\" aria-roledescription=\"slide\" aria-label=\"1 de 6\"><figure class=\"swiper-slide-inner\"><img decoding=\"async\" class=\"swiper-slide-image\" src=\"https:\/\/aradoc.es\/wp-content\/uploads\/2021\/09\/Aradoc-foto-76.jpg\" alt=\"Aradoc-foto-76\" \/><\/figure><\/div><div class=\"swiper-slide\" role=\"group\" aria-roledescription=\"slide\" aria-label=\"2 de 6\"><figure class=\"swiper-slide-inner\"><img decoding=\"async\" class=\"swiper-slide-image\" src=\"https:\/\/aradoc.es\/wp-content\/uploads\/2021\/09\/Aradoc-foto-79.jpg\" alt=\"Aradoc-foto-79\" \/><\/figure><\/div><div class=\"swiper-slide\" role=\"group\" aria-roledescription=\"slide\" aria-label=\"3 de 6\"><figure class=\"swiper-slide-inner\"><img decoding=\"async\" class=\"swiper-slide-image\" src=\"https:\/\/aradoc.es\/wp-content\/uploads\/2021\/09\/Aradoc-foto-77.jpg\" alt=\"Aradoc-foto-77\" \/><\/figure><\/div><div class=\"swiper-slide\" role=\"group\" aria-roledescription=\"slide\" aria-label=\"4 de 6\"><figure class=\"swiper-slide-inner\"><img decoding=\"async\" class=\"swiper-slide-image\" src=\"https:\/\/aradoc.es\/wp-content\/uploads\/2021\/09\/Aradoc-foto-78.jpg\" alt=\"Aradoc-foto-78\" \/><\/figure><\/div><div class=\"swiper-slide\" role=\"group\" aria-roledescription=\"slide\" aria-label=\"5 de 6\"><figure class=\"swiper-slide-inner\"><img decoding=\"async\" class=\"swiper-slide-image\" src=\"https:\/\/aradoc.es\/wp-content\/uploads\/2021\/09\/Aradoc-foto-80.jpg\" alt=\"Aradoc-foto-80\" \/><\/figure><\/div><div class=\"swiper-slide\" role=\"group\" aria-roledescription=\"slide\" aria-label=\"6 de 6\"><figure class=\"swiper-slide-inner\"><img decoding=\"async\" class=\"swiper-slide-image\" src=\"https:\/\/aradoc.es\/wp-content\/uploads\/2021\/09\/Aradoc-foto-81.jpg\" alt=\"Aradoc-foto-81\" \/><\/figure><\/div>\t\t\t<\/div>\n\t\t\t\t\t\t\t\t\t\t\t\t<div class=\"elementor-swiper-button elementor-swiper-button-prev\" role=\"button\" tabindex=\"0\">\n\t\t\t\t\t\t<i aria-hidden=\"true\" class=\"eicon-chevron-left\"><\/i>\t\t\t\t\t<\/div>\n\t\t\t\t\t<div class=\"elementor-swiper-button elementor-swiper-button-next\" role=\"button\" tabindex=\"0\">\n\t\t\t\t\t\t<i aria-hidden=\"true\" class=\"eicon-chevron-right\"><\/i>\t\t\t\t\t<\/div>\n\t\t\t\t\n\t\t\t\t\t\t\t\t\t<\/div>\n\t\t\t\t\t\t<\/div>\n\t\t\t\t<\/div>\n\t\t\t\t\t<\/div>\n\t\t<\/div>\n\t\t\t\t\t<\/div>\n\t\t<\/section>\n\t\t\t\t<\/div>\n\t\t","protected":false},"excerpt":{"rendered":"<p>Instal\u00b7lacions Disposem dels mitjans tecnol\u00f2gics i instal\u00b7lacions m\u00e9s modernes del sector Caracter\u00edstiques Instal\u00b7laci\u00f3 a\u00efllada tipus C amb per\u00edmetre de seguretat. \u00c0mplia zona de p\u00e0rquing per als nostres clients. Molles de c\u00e0rrega. Videovigil\u00e0ncia perimetral 24h. Estructures de darrera generaci\u00f3. Sistemes de prevenci\u00f3 i conservaci\u00f3 de la documentaci\u00f3. \u00c0mplies zones de platges i recepci\u00f3. Sala de consultes. [&hellip;]<\/p>\n","protected":false},"author":2,"featured_media":0,"parent":0,"menu_order":0,"comment_status":"closed","ping_status":"closed","template":"","meta":{"inline_featured_image":false,"footnotes":""},"class_list":["post-32859","page","type-page","status-publish","hentry"],"_links":{"self":[{"href":"https:\/\/aradoc.es\/ca\/wp-json\/wp\/v2\/pages\/32859","targetHints":{"allow":["GET"]}}],"collection":[{"href":"https:\/\/aradoc.es\/ca\/wp-json\/wp\/v2\/pages"}],"about":[{"href":"https:\/\/aradoc.es\/ca\/wp-json\/wp\/v2\/types\/page"}],"author":[{"embeddable":true,"href":"https:\/\/aradoc.es\/ca\/wp-json\/wp\/v2\/users\/2"}],"replies":[{"embeddable":true,"href":"https:\/\/aradoc.es\/ca\/wp-json\/wp\/v2\/comments?post=32859"}],"version-history":[{"count":4,"href":"https:\/\/aradoc.es\/ca\/wp-json\/wp\/v2\/pages\/32859\/revisions"}],"predecessor-version":[{"id":35392,"href":"https:\/\/aradoc.es\/ca\/wp-json\/wp\/v2\/pages\/32859\/revisions\/35392"}],"wp:attachment":[{"href":"https:\/\/aradoc.es\/ca\/wp-json\/wp\/v2\/media?parent=32859"}],"curies":[{"name":"wp","href":"https:\/\/api.w.org\/{rel}","templated":true}]}}